{"id":25389,"date":"2026-02-05T10:31:38","date_gmt":"2026-02-05T09:31:38","guid":{"rendered":"https:\/\/swissgo.tech\/p\/filme-negativo-a-cores-kodak-gold-200-36-35mm\/"},"modified":"2026-02-05T10:31:38","modified_gmt":"2026-02-05T09:31:38","slug":"filme-negativo-a-cores-kodak-gold-200-36-35mm","status":"publish","type":"product","link":"https:\/\/swissgo.tech\/pt-pt\/p\/filme-negativo-a-cores-kodak-gold-200-36-35mm\/","title":{"rendered":"Filme negativo a cores Kodak Gold 200-36 35mm"},"content":{"rendered":"","protected":false},"excerpt":{"rendered":"<ul>\n<li>Bobina de 36 exposi\u00e7\u00f5es de filme de 35mm.<\/li>\n<li>Filme negativo a cores com equil\u00edbrio de luz natural.<\/li>\n<li>ISO 200\/24\u00b0 no processo C-41.<\/li>\n<li>Granula\u00e7\u00e3o fina e alta nitid\u00e3o.<\/li>\n<li>Grande latitude de exposi\u00e7\u00e3o.<\/li>\n<li>Satura\u00e7\u00e3o de cor rica<\/li>\n<\/ul>\n","protected":false},"featured_media":25346,"comment_status":"closed","ping_status":"closed","template":"","meta":{"_acf_changed":false,"_switchboard_short_link_id":0,"_switchboard_short_link_code":""},"product_brand":[],"product_cat":[3962,1322],"product_tag":[],"class_list":{"0":"post-25389","1":"product","2":"type-product","3":"status-publish","4":"has-post-thumbnail","6":"product_cat-filmes-fotograficos-35mm","7":"product_cat-fotografia","8":"pa_compatible-35mm","9":"pa_medida-200-iso","11":"first","12":"instock","13":"taxable","14":"shipping-taxable","15":"purchasable","16":"product-type-simple"},"acf":[],"apcode":"","_links":{"self":[{"href":"https:\/\/swissgo.tech\/pt-pt\/wp-json\/wp\/v2\/product\/25389","targetHints":{"allow":["GET"]}}],"collection":[{"href":"https:\/\/swissgo.tech\/pt-pt\/wp-json\/wp\/v2\/product"}],"about":[{"href":"https:\/\/swissgo.tech\/pt-pt\/wp-json\/wp\/v2\/types\/product"}],"replies":[{"embeddable":true,"href":"https:\/\/swissgo.tech\/pt-pt\/wp-json\/wp\/v2\/comments?post=25389"}],"wp:featuredmedia":[{"embeddable":true,"href":"https:\/\/swissgo.tech\/pt-pt\/wp-json\/wp\/v2\/media\/25346"}],"wp:attachment":[{"href":"https:\/\/swissgo.tech\/pt-pt\/wp-json\/wp\/v2\/media?parent=25389"}],"wp:term":[{"taxonomy":"product_brand","embeddable":true,"href":"https:\/\/swissgo.tech\/pt-pt\/wp-json\/wp\/v2\/product_brand?post=25389"},{"taxonomy":"product_cat","embeddable":true,"href":"https:\/\/swissgo.tech\/pt-pt\/wp-json\/wp\/v2\/product_cat?post=25389"},{"taxonomy":"product_tag","embeddable":true,"href":"https:\/\/swissgo.tech\/pt-pt\/wp-json\/wp\/v2\/product_tag?post=25389"}],"curies":[{"name":"wp","href":"https:\/\/api.w.org\/{rel}","templated":true}]}}